{"id":808,"date":"2016-12-01T08:48:06","date_gmt":"2016-12-01T11:48:06","guid":{"rendered":"http:\/\/www.tiptop.com.uy\/automotriz\/?page_id=808"},"modified":"2019-02-15T09:27:40","modified_gmt":"2019-02-15T12:27:40","slug":"la-empresa","status":"publish","type":"page","link":"https:\/\/tiptop.com.uy\/automotriz\/la-empresa\/","title":{"rendered":"TipTop Uruguaya"},"content":{"rendered":"<div id=\"pl-808\"  class=\"panel-layout\" ><div id=\"pg-808-0\"  class=\"panel-grid panel-no-style\" ><div id=\"pgc-808-0-0\"  class=\"panel-grid-cell\" ><div id=\"panel-808-0-0-0\" class=\"so-panel widget widget_sow-editor panel-first-child\" data-index=\"0\" ><div\n\t\t\t\n\t\t\tclass=\"so-widget-sow-editor so-widget-sow-editor-base\"\n\t\t\t\n\t\t>\n<div class=\"siteorigin-widget-tinymce textwidget\">\n\t<p>En <strong>TIP TOP URUGUAYA<\/strong> contamos con una trayectoria de m\u00e1s de 55 a\u00f1os ofreciendo productos y servicios de alta calidad.<\/p>\n<p>Nuestro objetivo a lo largo de todos estos a\u00f1os ha sido el de poner al alcance de nuestros clientes los \u00faltimos avances tecnol\u00f3gicos en lo que a maquinaria y herramienta automotriz se refiere, y para ello representamos en exclusividad las afamadas marcas <strong>REMA TIP TOP, CORGHI, RAASM,WALMEC, AUTOPRO, MEGA,<\/strong> entre otras.<br \/>\nContamos con un experimentado departamento de ventas para asesorarlo correctamente y un servicio postventa personalizado, ambos con alcance en todo el territorio nacional. Esto nos ha permitido ser un referente en el sector automotriz en Uruguay.<\/p>\n<\/div>\n<\/div><\/div><div id=\"panel-808-0-0-1\" class=\"so-panel widget widget_sow-editor panel-last-child\" data-index=\"1\" ><div\n\t\t\t\n\t\t\tclass=\"so-widget-sow-editor so-widget-sow-editor-base\"\n\t\t\t\n\t\t>\n<div class=\"siteorigin-widget-tinymce textwidget\">\n\t<p>&nbsp;<\/p>\n<p><img loading=\"lazy\" decoding=\"async\" class=\"alignnone wp-image-2646 size-full\" src=\"https:\/\/tiptop.com.uy\/automotriz\/wp-content\/uploads\/Elevador-Autopro.jpg\" alt=\"\" width=\"1200\" height=\"400\" srcset=\"https:\/\/tiptop.com.uy\/automotriz\/wp-content\/uploads\/Elevador-Autopro.jpg 1200w, https:\/\/tiptop.com.uy\/automotriz\/wp-content\/uploads\/Elevador-Autopro-300x100.jpg 300w\" sizes=\"auto, (max-width: 1200px) 100vw, 1200px\" \/><\/p>\n<\/div>\n<\/div><\/div><\/div><\/div><\/div>","protected":false},"excerpt":{"rendered":"<p>En TIP TOP URUGUAYA contamos con una trayectoria de m\u00e1s de 55 a\u00f1os ofreciendo productos y servicios de alta calidad. Nuestro objetivo a lo largo de todos estos a\u00f1os ha sido el de poner al alcance de nuestros clientes los \u00faltimos avances tecnol\u00f3gicos en lo que a maquinaria y herramienta automotriz se refiere, y para [&hellip;]<\/p>\n","protected":false},"author":2,"featured_media":370,"parent":0,"menu_order":0,"comment_status":"closed","ping_status":"closed","template":"","meta":{"inline_featured_image":false,"ngg_post_thumbnail":0,"footnotes":""},"class_list":["post-808","page","type-page","status-publish","has-post-thumbnail","hentry"],"yoast_head":"<!-- This site is optimized with the Yoast SEO plugin v27.4 - https:\/\/yoast.com\/product\/yoast-seo-wordpress\/ -->\n<title>TipTop Uruguaya - Tiptop Uruguaya - Automotriz<\/title>\n<meta name=\"robots\" content=\"index, follow, max-snippet:-1, max-image-preview:large, max-video-preview:-1\" \/>\n<link rel=\"canonical\" href=\"https:\/\/tiptop.com.uy\/automotriz\/la-empresa\/\" \/>\n<meta property=\"og:locale\" content=\"es_ES\" \/>\n<meta property=\"og:type\" content=\"article\" \/>\n<meta property=\"og:title\" content=\"TipTop Uruguaya - Tiptop Uruguaya - Automotriz\" \/>\n<meta property=\"og:description\" content=\"En TIP TOP URUGUAYA contamos con una trayectoria de m\u00e1s de 55 a\u00f1os ofreciendo productos y servicios de alta calidad. Nuestro objetivo a lo largo de todos estos a\u00f1os ha sido el de poner al alcance de nuestros clientes los \u00faltimos avances tecnol\u00f3gicos en lo que a maquinaria y herramienta automotriz se refiere, y para [&hellip;]\" \/>\n<meta property=\"og:url\" content=\"https:\/\/tiptop.com.uy\/automotriz\/la-empresa\/\" \/>\n<meta property=\"og:site_name\" content=\"Tiptop Uruguaya - Automotriz\" \/>\n<meta property=\"article:modified_time\" content=\"2019-02-15T12:27:40+00:00\" \/>\n<meta property=\"og:image\" content=\"https:\/\/tiptop.com.uy\/automotriz\/wp-content\/uploads\/tiptop\/images_tiptop_foto_empresa.jpg\" \/>\n\t<meta property=\"og:image:width\" content=\"1100\" \/>\n\t<meta property=\"og:image:height\" content=\"550\" \/>\n\t<meta property=\"og:image:type\" content=\"image\/jpeg\" \/>\n<meta name=\"twitter:card\" content=\"summary_large_image\" \/>\n<meta name=\"twitter:label1\" content=\"Tiempo de lectura\" \/>\n\t<meta name=\"twitter:data1\" content=\"1 minuto\" \/>\n<script type=\"application\/ld+json\" class=\"yoast-schema-graph\">{\"@context\":\"https:\\\/\\\/schema.org\",\"@graph\":[{\"@type\":\"WebPage\",\"@id\":\"https:\\\/\\\/tiptop.com.uy\\\/automotriz\\\/la-empresa\\\/\",\"url\":\"https:\\\/\\\/tiptop.com.uy\\\/automotriz\\\/la-empresa\\\/\",\"name\":\"TipTop Uruguaya - Tiptop Uruguaya - Automotriz\",\"isPartOf\":{\"@id\":\"https:\\\/\\\/tiptop.com.uy\\\/automotriz\\\/#website\"},\"primaryImageOfPage\":{\"@id\":\"https:\\\/\\\/tiptop.com.uy\\\/automotriz\\\/la-empresa\\\/#primaryimage\"},\"image\":{\"@id\":\"https:\\\/\\\/tiptop.com.uy\\\/automotriz\\\/la-empresa\\\/#primaryimage\"},\"thumbnailUrl\":\"https:\\\/\\\/tiptop.com.uy\\\/automotriz\\\/wp-content\\\/uploads\\\/tiptop\\\/images_tiptop_foto_empresa.jpg\",\"datePublished\":\"2016-12-01T11:48:06+00:00\",\"dateModified\":\"2019-02-15T12:27:40+00:00\",\"breadcrumb\":{\"@id\":\"https:\\\/\\\/tiptop.com.uy\\\/automotriz\\\/la-empresa\\\/#breadcrumb\"},\"inLanguage\":\"es-AR\",\"potentialAction\":[{\"@type\":\"ReadAction\",\"target\":[\"https:\\\/\\\/tiptop.com.uy\\\/automotriz\\\/la-empresa\\\/\"]}]},{\"@type\":\"ImageObject\",\"inLanguage\":\"es-AR\",\"@id\":\"https:\\\/\\\/tiptop.com.uy\\\/automotriz\\\/la-empresa\\\/#primaryimage\",\"url\":\"https:\\\/\\\/tiptop.com.uy\\\/automotriz\\\/wp-content\\\/uploads\\\/tiptop\\\/images_tiptop_foto_empresa.jpg\",\"contentUrl\":\"https:\\\/\\\/tiptop.com.uy\\\/automotriz\\\/wp-content\\\/uploads\\\/tiptop\\\/images_tiptop_foto_empresa.jpg\",\"width\":1100,\"height\":550},{\"@type\":\"BreadcrumbList\",\"@id\":\"https:\\\/\\\/tiptop.com.uy\\\/automotriz\\\/la-empresa\\\/#breadcrumb\",\"itemListElement\":[{\"@type\":\"ListItem\",\"position\":1,\"name\":\"Inicio\",\"item\":\"https:\\\/\\\/tiptop.com.uy\\\/automotriz\\\/\"},{\"@type\":\"ListItem\",\"position\":2,\"name\":\"TipTop Uruguaya\"}]},{\"@type\":\"WebSite\",\"@id\":\"https:\\\/\\\/tiptop.com.uy\\\/automotriz\\\/#website\",\"url\":\"https:\\\/\\\/tiptop.com.uy\\\/automotriz\\\/\",\"name\":\"Tiptop Uruguaya - Automotriz\",\"description\":\"Tiptop Uruguaya SA | Divisi\u00f3n Automotriz\",\"potentialAction\":[{\"@type\":\"SearchAction\",\"target\":{\"@type\":\"EntryPoint\",\"urlTemplate\":\"https:\\\/\\\/tiptop.com.uy\\\/automotriz\\\/?s={search_term_string}\"},\"query-input\":{\"@type\":\"PropertyValueSpecification\",\"valueRequired\":true,\"valueName\":\"search_term_string\"}}],\"inLanguage\":\"es-AR\"}]}<\/script>\n<!-- \/ Yoast SEO plugin. -->","yoast_head_json":{"title":"TipTop Uruguaya - Tiptop Uruguaya - Automotriz","robots":{"index":"index","follow":"follow","max-snippet":"max-snippet:-1","max-image-preview":"max-image-preview:large","max-video-preview":"max-video-preview:-1"},"canonical":"https:\/\/tiptop.com.uy\/automotriz\/la-empresa\/","og_locale":"es_ES","og_type":"article","og_title":"TipTop Uruguaya - Tiptop Uruguaya - Automotriz","og_description":"En TIP TOP URUGUAYA contamos con una trayectoria de m\u00e1s de 55 a\u00f1os ofreciendo productos y servicios de alta calidad. Nuestro objetivo a lo largo de todos estos a\u00f1os ha sido el de poner al alcance de nuestros clientes los \u00faltimos avances tecnol\u00f3gicos en lo que a maquinaria y herramienta automotriz se refiere, y para [&hellip;]","og_url":"https:\/\/tiptop.com.uy\/automotriz\/la-empresa\/","og_site_name":"Tiptop Uruguaya - Automotriz","article_modified_time":"2019-02-15T12:27:40+00:00","og_image":[{"width":1100,"height":550,"url":"https:\/\/tiptop.com.uy\/automotriz\/wp-content\/uploads\/tiptop\/images_tiptop_foto_empresa.jpg","type":"image\/jpeg"}],"twitter_card":"summary_large_image","twitter_misc":{"Tiempo de lectura":"1 minuto"},"schema":{"@context":"https:\/\/schema.org","@graph":[{"@type":"WebPage","@id":"https:\/\/tiptop.com.uy\/automotriz\/la-empresa\/","url":"https:\/\/tiptop.com.uy\/automotriz\/la-empresa\/","name":"TipTop Uruguaya - Tiptop Uruguaya - Automotriz","isPartOf":{"@id":"https:\/\/tiptop.com.uy\/automotriz\/#website"},"primaryImageOfPage":{"@id":"https:\/\/tiptop.com.uy\/automotriz\/la-empresa\/#primaryimage"},"image":{"@id":"https:\/\/tiptop.com.uy\/automotriz\/la-empresa\/#primaryimage"},"thumbnailUrl":"https:\/\/tiptop.com.uy\/automotriz\/wp-content\/uploads\/tiptop\/images_tiptop_foto_empresa.jpg","datePublished":"2016-12-01T11:48:06+00:00","dateModified":"2019-02-15T12:27:40+00:00","breadcrumb":{"@id":"https:\/\/tiptop.com.uy\/automotriz\/la-empresa\/#breadcrumb"},"inLanguage":"es-AR","potentialAction":[{"@type":"ReadAction","target":["https:\/\/tiptop.com.uy\/automotriz\/la-empresa\/"]}]},{"@type":"ImageObject","inLanguage":"es-AR","@id":"https:\/\/tiptop.com.uy\/automotriz\/la-empresa\/#primaryimage","url":"https:\/\/tiptop.com.uy\/automotriz\/wp-content\/uploads\/tiptop\/images_tiptop_foto_empresa.jpg","contentUrl":"https:\/\/tiptop.com.uy\/automotriz\/wp-content\/uploads\/tiptop\/images_tiptop_foto_empresa.jpg","width":1100,"height":550},{"@type":"BreadcrumbList","@id":"https:\/\/tiptop.com.uy\/automotriz\/la-empresa\/#breadcrumb","itemListElement":[{"@type":"ListItem","position":1,"name":"Inicio","item":"https:\/\/tiptop.com.uy\/automotriz\/"},{"@type":"ListItem","position":2,"name":"TipTop Uruguaya"}]},{"@type":"WebSite","@id":"https:\/\/tiptop.com.uy\/automotriz\/#website","url":"https:\/\/tiptop.com.uy\/automotriz\/","name":"Tiptop Uruguaya - Automotriz","description":"Tiptop Uruguaya SA | Divisi\u00f3n Automotriz","potentialAction":[{"@type":"SearchAction","target":{"@type":"EntryPoint","urlTemplate":"https:\/\/tiptop.com.uy\/automotriz\/?s={search_term_string}"},"query-input":{"@type":"PropertyValueSpecification","valueRequired":true,"valueName":"search_term_string"}}],"inLanguage":"es-AR"}]}},"_links":{"self":[{"href":"https:\/\/tiptop.com.uy\/automotriz\/wp-json\/wp\/v2\/pages\/808","targetHints":{"allow":["GET"]}}],"collection":[{"href":"https:\/\/tiptop.com.uy\/automotriz\/wp-json\/wp\/v2\/pages"}],"about":[{"href":"https:\/\/tiptop.com.uy\/automotriz\/wp-json\/wp\/v2\/types\/page"}],"author":[{"embeddable":true,"href":"https:\/\/tiptop.com.uy\/automotriz\/wp-json\/wp\/v2\/users\/2"}],"replies":[{"embeddable":true,"href":"https:\/\/tiptop.com.uy\/automotriz\/wp-json\/wp\/v2\/comments?post=808"}],"version-history":[{"count":14,"href":"https:\/\/tiptop.com.uy\/automotriz\/wp-json\/wp\/v2\/pages\/808\/revisions"}],"predecessor-version":[{"id":2648,"href":"https:\/\/tiptop.com.uy\/automotriz\/wp-json\/wp\/v2\/pages\/808\/revisions\/2648"}],"wp:featuredmedia":[{"embeddable":true,"href":"https:\/\/tiptop.com.uy\/automotriz\/wp-json\/wp\/v2\/media\/370"}],"wp:attachment":[{"href":"https:\/\/tiptop.com.uy\/automotriz\/wp-json\/wp\/v2\/media?parent=808"}],"curies":[{"name":"wp","href":"https:\/\/api.w.org\/{rel}","templated":true}]}}